{"id":8353,"date":"2020-12-20T23:54:00","date_gmt":"2020-12-20T22:54:00","guid":{"rendered":"https:\/\/enjoyyourwax.com\/?post_type=product&#038;p=8353"},"modified":"2020-12-22T20:24:56","modified_gmt":"2020-12-22T19:24:56","slug":"merry-christmas","status":"publish","type":"product","link":"https:\/\/enjoyyourwax.com\/index.php\/product\/merry-christmas\/","title":{"rendered":"Merry Christmas"},"content":{"rendered":"<p style=\"box-sizing: inherit; font-size: 14px; text-align: center;\">La caract\u00e9ristique la plus marquante et la plus appr\u00e9ci\u00e9e d\u2019un Demi-Super Wax Nouvo est son rapport qualit\u00e9 prix. C\u2019est un tissu polyvalent pour des v\u00eatements solides et durables tels que les robes, mabayas, pantalons, les vestes, jupes etc.<\/p>\n<p style=\"box-sizing: inherit; font-size: 14px; text-align: center;\">\u2013 Mati\u00e8re : coton de qualit\u00e9<br style=\"box-sizing: inherit;\" \/>\u2013 La largeur standard du tissu est de 120 cm (48\u2033) (le tissu affich\u00e9 est de 91,4cm (36\u2033) x 120cm (48\u2033)<\/p>\n","protected":false},"excerpt":{"rendered":"<p>Pagne Demi-SuperWax Nouvo th\u00e8me \u00e9glise &#8211; Merry Christmas<br \/>\nRapport qualit\u00e9\/prix excellent<\/p>\n","protected":false},"featured_media":8354,"comment_status":"open","ping_status":"closed","template":"","meta":{"_editorskit_title_hidden":false,"_editorskit_reading_time":0,"_editorskit_is_block_options_detached":false,"_editorskit_block_options_position":"{}","inline_featured_image":false},"product_cat":[15,130,126],"product_tag":[143],"_links":{"self":[{"href":"https:\/\/enjoyyourwax.com\/index.php\/wp-json\/wp\/v2\/product\/8353"}],"collection":[{"href":"https:\/\/enjoyyourwax.com\/index.php\/wp-json\/wp\/v2\/product"}],"about":[{"href":"https:\/\/enjoyyourwax.com\/index.php\/wp-json\/wp\/v2\/types\/product"}],"replies":[{"embeddable":true,"href":"https:\/\/enjoyyourwax.com\/index.php\/wp-json\/wp\/v2\/comments?post=8353"}],"wp:featuredmedia":[{"embeddable":true,"href":"https:\/\/enjoyyourwax.com\/index.php\/wp-json\/wp\/v2\/media\/8354"}],"wp:attachment":[{"href":"https:\/\/enjoyyourwax.com\/index.php\/wp-json\/wp\/v2\/media?parent=8353"}],"wp:term":[{"taxonomy":"product_cat","embeddable":true,"href":"https:\/\/enjoyyourwax.com\/index.php\/wp-json\/wp\/v2\/product_cat?post=8353"},{"taxonomy":"product_tag","embeddable":true,"href":"https:\/\/enjoyyourwax.com\/index.php\/wp-json\/wp\/v2\/product_tag?post=8353"}],"curies":[{"name":"wp","href":"https:\/\/api.w.org\/{rel}","templated":true}]}}