{"id":12516,"date":"2023-08-22T22:53:52","date_gmt":"2023-08-22T21:53:52","guid":{"rendered":"https:\/\/enjoyyourwax.com\/?post_type=product&#038;p=12516"},"modified":"2023-08-22T22:56:19","modified_gmt":"2023-08-22T21:56:19","slug":"vasco-13","status":"publish","type":"product","link":"https:\/\/enjoyyourwax.com\/index.php\/product\/vasco-13\/","title":{"rendered":"Vasco"},"content":{"rendered":"<p>La caract\u00e9ristique la plus marquante et la plus appr\u00e9ci\u00e9e d\u2019un Wax Vasco est son rapport qualit\u00e9 prix.<br \/>\nC\u2019est un tissu polyvalent pour des v\u00eatements solides et durables tels que les robes, mabayas, pantalons, les vestes, jupes etc.<\/p>\n","protected":false},"excerpt":{"rendered":"<pre>Pagne Super-Vasco  - Vasco<\/pre>\n<pre>Excellent Rapport qualit\u00e9\/prix\r\n6 yards<\/pre>\n<pre>Couleur disponible: bleu, rose<\/pre>\n<pre>Livraison \u00e0 domicile Kinshasa\/ Matadi \ud83c\udde8\ud83c\udde9<\/pre>\n","protected":false},"featured_media":12495,"comment_status":"open","ping_status":"closed","template":"","meta":{"_editorskit_title_hidden":false,"_editorskit_reading_time":0,"_editorskit_is_block_options_detached":false,"_editorskit_block_options_position":"{}","inline_featured_image":false},"product_cat":[151],"product_tag":[],"_links":{"self":[{"href":"https:\/\/enjoyyourwax.com\/index.php\/wp-json\/wp\/v2\/product\/12516"}],"collection":[{"href":"https:\/\/enjoyyourwax.com\/index.php\/wp-json\/wp\/v2\/product"}],"about":[{"href":"https:\/\/enjoyyourwax.com\/index.php\/wp-json\/wp\/v2\/types\/product"}],"replies":[{"embeddable":true,"href":"https:\/\/enjoyyourwax.com\/index.php\/wp-json\/wp\/v2\/comments?post=12516"}],"wp:featuredmedia":[{"embeddable":true,"href":"https:\/\/enjoyyourwax.com\/index.php\/wp-json\/wp\/v2\/media\/12495"}],"wp:attachment":[{"href":"https:\/\/enjoyyourwax.com\/index.php\/wp-json\/wp\/v2\/media?parent=12516"}],"wp:term":[{"taxonomy":"product_cat","embeddable":true,"href":"https:\/\/enjoyyourwax.com\/index.php\/wp-json\/wp\/v2\/product_cat?post=12516"},{"taxonomy":"product_tag","embeddable":true,"href":"https:\/\/enjoyyourwax.com\/index.php\/wp-json\/wp\/v2\/product_tag?post=12516"}],"curies":[{"name":"wp","href":"https:\/\/api.w.org\/{rel}","templated":true}]}}