{"id":7703,"date":"2019-12-12T10:39:38","date_gmt":"2019-12-12T10:39:38","guid":{"rendered":"https:\/\/enjoyyourwax.com\/index.php\/about-proteo\/"},"modified":"2021-03-22T15:05:26","modified_gmt":"2021-03-22T14:05:26","slug":"about-proteo","status":"publish","type":"page","link":"https:\/\/enjoyyourwax.com\/index.php\/about-proteo\/","title":{"rendered":"enjoyyourwax.com"},"content":{"rendered":"\n<div class=\"wp-block-columns is-layout-flex wp-container-3 wp-block-columns-is-layout-flex\">\n<div class=\"wp-block-column is-layout-flow wp-block-column-is-layout-flow\">\n<p><strong>Enjoyyourwax<\/strong> est une boutique en ligne qui vend principalement du tissu dit africain commun\u00e9ment appel\u00e9 pagne \/W<strong>A<\/strong>X  . <\/p>\n\n\n\n<p>Nous livrons \u00e0 domicile dans toute la capitale de <strong>KINSHASA<\/strong> et \u00e0 <strong>MATADI<\/strong>.  Nous souhaitons donner  \u00e0 tout un chacun un acc\u00e8s facile \u00e0 nos tissus. Plus besoin de courir pour faire vos achats, <strong>No stress<\/strong>, nous prenons le relai. <\/p>\n\n\n\n<p>Enjoyyourwax est l\u00e0 pour vous faciliter la vie en vous faisant gagner du temps et de l&rsquo;\u00e9nergie pour que vous puissiez mieux profiter de votre shopping.<\/p>\n\n\n\n<p>Nous sommes en ligne,  site www.enjoy your wax.com et via nos r\u00e9seaux sociaux (voir logo ci-dessous)  mais aussi de fa\u00e7on physique \u00e0 travers notre boutique situ\u00e9e \u00e0 Kinshasa\/ZANDO.<\/p>\n\n\n\n<p>Nous vous souhaitons d&rsquo;ores et d\u00e9j\u00e0 la <strong>Bienvenue<\/strong> quelque soit le canal que vous choisirez. ENJOY<\/p>\n<\/div>\n\n\n\n<div class=\"wp-block-column is-layout-flow wp-block-column-is-layout-flow\">\n<p class=\"has-text-align-left\"><p><strong>WELCOME<\/strong><\/p><\/p>\n\n\n\n<p><strong>Adresse Boutique : <\/strong><\/p>\n\n\n\n<p>Av De Kato 101 &#8211; Zando &#8211; Commune de Kinshasa<\/p>\n\n\n\n<p><em>CHEZ MAMAN NANCY<\/em><\/p>\n<\/div>\n<\/div>\n\n\n\n<p><\/p>\n","protected":false},"excerpt":{"rendered":"<p>Enjoyyourwax est une boutique en ligne qui vend principalement du tissu dit africain commun\u00e9ment appel\u00e9 pagne \/WAX . Nous livrons \u00e0 domicile dans toute la capitale de KINSHASA et \u00e0 MATADI. Nous souhaitons donner \u00e0 tout un chacun un acc\u00e8s facile \u00e0 nos tissus. Plus besoin de courir pour faire vos achats, No stress, nous<a class=\"more-link\" href=\"https:\/\/enjoyyourwax.com\/index.php\/about-proteo\/\">Read more  &#10230;<\/a><\/p>\n","protected":false},"author":1,"featured_media":0,"parent":0,"menu_order":0,"comment_status":"closed","ping_status":"closed","template":"","meta":{"_editorskit_title_hidden":false,"_editorskit_reading_time":1,"_editorskit_is_block_options_detached":false,"_editorskit_block_options_position":"{}","inline_featured_image":false,"footnotes":""},"_links":{"self":[{"href":"https:\/\/enjoyyourwax.com\/index.php\/wp-json\/wp\/v2\/pages\/7703"}],"collection":[{"href":"https:\/\/enjoyyourwax.com\/index.php\/wp-json\/wp\/v2\/pages"}],"about":[{"href":"https:\/\/enjoyyourwax.com\/index.php\/wp-json\/wp\/v2\/types\/page"}],"author":[{"embeddable":true,"href":"https:\/\/enjoyyourwax.com\/index.php\/wp-json\/wp\/v2\/users\/1"}],"replies":[{"embeddable":true,"href":"https:\/\/enjoyyourwax.com\/index.php\/wp-json\/wp\/v2\/comments?post=7703"}],"version-history":[{"count":39,"href":"https:\/\/enjoyyourwax.com\/index.php\/wp-json\/wp\/v2\/pages\/7703\/revisions"}],"predecessor-version":[{"id":10139,"href":"https:\/\/enjoyyourwax.com\/index.php\/wp-json\/wp\/v2\/pages\/7703\/revisions\/10139"}],"wp:attachment":[{"href":"https:\/\/enjoyyourwax.com\/index.php\/wp-json\/wp\/v2\/media?parent=7703"}],"curies":[{"name":"wp","href":"https:\/\/api.w.org\/{rel}","templated":true}]}}